{"id":811,"date":"2016-04-12T13:23:51","date_gmt":"2016-04-12T17:23:51","guid":{"rendered":"http:\/\/dev.atriumcpa.com\/?page_id=811"},"modified":"2023-10-11T22:14:56","modified_gmt":"2023-10-11T14:14:56","slug":"recrutement","status":"publish","type":"page","link":"https:\/\/www.orcom-ca.com.cn\/fr\/recrutement\/","title":{"rendered":"Recrutement"},"content":{"rendered":"<p><div class=\"fusion-fullwidth fullwidth-box fusion-builder-row-1 nonhundred-percent-fullwidth non-hundred-percent-height-scrolling\" style=\"--awb-background-position:left top;--awb-border-sizes-top:0px;--awb-border-sizes-bottom:0px;--awb-border-sizes-left:0px;--awb-border-sizes-right:0px;--awb-border-radius-top-left:0px;--awb-border-radius-top-right:0px;--awb-border-radius-bottom-right:0px;--awb-border-radius-bottom-left:0px;--awb-padding-top:30px;--awb-background-color:#ffffff;--awb-flex-wrap:wrap;\" ><div class=\"fusion-builder-row fusion-row\"><div class=\"fusion-layout-column fusion_builder_column fusion-builder-column-0 fusion_builder_column_1_5 1_5 fusion-one-fifth fusion-column-first\" style=\"--awb-padding-top:30px;--awb-bg-blend:overlay;--awb-bg-size:cover;width:20%;width:calc(20% - ( ( 5% + 4% ) * 0.2 ) );margin-right: 5%;\"><div class=\"fusion-column-wrapper fusion-flex-column-wrapper-legacy\"><div class=\"fusion-column-content-centered\"><div class=\"fusion-column-content\"><\/div><\/div><div class=\"fusion-clearfix\"><\/div><\/div><\/div><div class=\"fusion-layout-column fusion_builder_column fusion-builder-column-1 fusion_builder_column_3_5 3_5 fusion-three-fifth fusion-animated\" style=\"--awb-padding-top:10%;--awb-padding-right:10%;--awb-padding-bottom:10%;--awb-padding-left:10%;--awb-bg-color:#ffffff;--awb-bg-color-hover:#ffffff;--awb-bg-size:cover;--awb-border-color:#dbe2ea;--awb-border-top:1px;--awb-border-right:1px;--awb-border-bottom:1px;--awb-border-left:1px;--awb-border-style:solid;--awb-margin-top:-150px;width:60%;width:calc(60% - ( ( 5% + 4% ) * 0.6 ) );margin-right: 4%;\" data-animationType=\"fadeInUp\" data-animationDuration=\"1.0\" data-animationOffset=\"top-into-view\"><div class=\"fusion-column-wrapper fusion-column-has-shadow fusion-flex-column-wrapper-legacy\"><div class=\"fusion-text fusion-text-1\" style=\"--awb-font-size:35px;--awb-text-transform:none;\"><h3 style=\"text-align: center;\">ORCOM recrute !<\/h3>\n<\/div><div class=\"fusion-text fusion-text-2\" style=\"--awb-font-size:18px;--awb-text-transform:none;\"><p style=\"text-align: center;\">Votre futur job, vous le r\u00eavez comment ? \u00c9volution, mobilit\u00e9, formation, innovation\u2026 Vous avez des<br \/>\nattentes fortes et nous avons les arguments pour vous convaincre.<\/p>\n<\/div><div class=\"fusion-builder-row fusion-builder-row-inner fusion-row\"><div class=\"fusion-layout-column fusion_builder_column_inner fusion-builder-nested-column-0 fusion_builder_column_inner_1_2 1_2 fusion-one-half fusion-column-first\" style=\"--awb-bg-size:cover;width:50%;width:calc(50% - ( ( 0px ) * 0.5 ) );margin-right: 0px;\"><div class=\"fusion-column-wrapper fusion-column-has-shadow fusion-flex-column-wrapper-legacy\"><div class=\"fusion-aligncenter\"><a class=\"fusion-button button-flat button-small button-custom fusion-button-default button-1 fusion-button-default-span fusion-button-default-type\" style=\"--button_accent_color:#ffffff;--button_accent_hover_color:#ffffff;--button_border_hover_color:#f16f2f;--button_gradient_top_color:#0b5394;--button_gradient_bottom_color:#0b5394;--button_gradient_top_color_hover:#f16f2f;--button_gradient_bottom_color_hover:#f16f2f;\" target=\"_self\" href=\"#chine\"><i class=\"fa-flag fas button-icon-left\" aria-hidden=\"true\"><\/i><span class=\"fusion-button-text\">EMPLOIS EN CHINE<\/span><\/a><\/div><div class=\"fusion-clearfix\"><\/div><\/div><\/div><div class=\"fusion-layout-column fusion_builder_column_inner fusion-builder-nested-column-1 fusion_builder_column_inner_1_2 1_2 fusion-one-half fusion-column-last\" style=\"--awb-bg-size:cover;width:50%;width:calc(50% - ( ( 0px ) * 0.5 ) );\"><div class=\"fusion-column-wrapper fusion-column-has-shadow fusion-flex-column-wrapper-legacy\"><div class=\"fusion-aligncenter\"><a class=\"fusion-button button-flat button-small button-default fusion-button-default button-2 fusion-button-default-span fusion-button-default-type\" target=\"_blank\" rel=\"noopener noreferrer\" href=\"https:\/\/orcomjobs.orcom.fr\/\"><i class=\"fa-flag fas button-icon-left\" aria-hidden=\"true\"><\/i><span class=\"fusion-button-text\">EMPLOIS EN FRANCE<\/span><\/a><\/div><div class=\"fusion-clearfix\"><\/div><\/div><\/div><\/div><div class=\"fusion-clearfix\"><\/div><\/div><\/div><div class=\"fusion-layout-column fusion_builder_column fusion-builder-column-2 fusion_builder_column_1_5 1_5 fusion-one-fifth fusion-column-last\" style=\"--awb-padding-top:30px;--awb-bg-blend:overlay;--awb-bg-size:cover;width:20%;width:calc(20% - ( ( 5% + 4% ) * 0.2 ) );\"><div class=\"fusion-column-wrapper fusion-flex-column-wrapper-legacy\"><div class=\"fusion-column-content-centered\"><div class=\"fusion-column-content\"><\/div><\/div><div class=\"fusion-clearfix\"><\/div><\/div><\/div><\/div><\/div><div class=\"fusion-fullwidth fullwidth-box fusion-builder-row-2 hundred-percent-fullwidth non-hundred-percent-height-scrolling fusion-equal-height-columns\" style=\"--awb-border-sizes-top:0px;--awb-border-sizes-bottom:0px;--awb-border-sizes-left:0px;--awb-border-sizes-right:0px;--awb-border-radius-top-left:0px;--awb-border-radius-top-right:0px;--awb-border-radius-bottom-right:0px;--awb-border-radius-bottom-left:0px;--awb-padding-top:50px;--awb-padding-right:0px;--awb-padding-bottom:50px;--awb-padding-left:0px;--awb-margin-top:30px;--awb-margin-bottom:0px;--awb-flex-wrap:wrap;\" ><div class=\"fusion-builder-row fusion-row\"><div class=\"fusion-layout-column fusion_builder_column fusion-builder-column-3 fusion_builder_column_1_2 1_2 fusion-one-half fusion-column-first fusion-animated\" style=\"--awb-padding-top:10%;--awb-padding-right:10%;--awb-padding-bottom:10%;--awb-padding-left:10%;--awb-bg-color:#0b5394;--awb-bg-color-hover:#0b5394;--awb-bg-size:cover;--awb-margin-top:0px;width:50%;width:calc(50% - ( ( 0% ) * 0.5 ) );margin-right: 0%;\" data-animationType=\"fadeInLeft\" data-animationDuration=\"1.5\" data-animationOffset=\"top-into-view\"><div class=\"fusion-column-wrapper fusion-column-has-shadow fusion-flex-column-wrapper-legacy\"><div class=\"fusion-column-content-centered\"><div class=\"fusion-column-content\"><div class=\"fusion-text fusion-text-3\" style=\"--awb-font-size:25px;--awb-text-transform:none;\"><h2 style=\"text-align: left;\"><strong><span style=\"color: #ffffff;\">ORCOM vous ouvre des territoires d\u2019opportunit\u00e9s<\/span><\/strong><\/h2>\n<\/div><div class=\"fusion-text fusion-text-4\" style=\"--awb-font-size:20px;--awb-text-transform:none;\"><p style=\"text-align: left;\"><span style=\"color: #ffffff;\">Nous croyons dans un monde ouvert aux opportunit\u00e9s de croissance et de d\u00e9veloppement. Notre aventure entrepreneuriale est avant tout une aventure humaine, notre histoire s\u2019\u00e9crivant avec celle de nos clients et l\u2019engagement de nos \u00e9quipes.<\/span><\/p>\n<\/div><div class=\"fusion-button-wrapper\"><a class=\"fusion-button button-flat button-small button-custom fusion-button-default button-3 fusion-button-default-span \" style=\"--button_accent_color:#ffffff;--button_accent_hover_color:#ffffff;--button_border_hover_color:#f16f2f;--button-border-radius-top-left:25px;--button-border-radius-top-right:25px;--button-border-radius-bottom-right:25px;--button-border-radius-bottom-left:25px;--button_gradient_top_color:#f16f2f;--button_gradient_bottom_color:#f16f2f;--button_gradient_top_color_hover:#f16f2f;--button_gradient_bottom_color_hover:#f16f2f;--button_typography-font-family:&quot;Montserrat&quot;;--button_typography-font-style:normal;--button_typography-font-weight:400;\" target=\"_self\" href=\"\/qui-sommes-nous\/\"><span class=\"fusion-button-text\">Qui sommes nous ?<\/span><\/a><\/div><\/div><\/div><div class=\"fusion-clearfix\"><\/div><\/div><\/div><div class=\"fusion-layout-column fusion_builder_column fusion-builder-column-4 fusion_builder_column_1_2 1_2 fusion-one-half fusion-column-last fusion-animated\" style=\"--awb-padding-top:10%;--awb-padding-right:10%;--awb-padding-bottom:10%;--awb-padding-left:10%;--awb-bg-color:#f16f2f;--awb-bg-color-hover:#f16f2f;--awb-bg-image:url(&#039;https:\/\/www.orcom-ca.com.cn\/wp-content\/uploads\/2021\/11\/carriere-orcom-us-1.jpg&#039;);--awb-bg-size:cover;--awb-margin-top:0px;width:50%;width:calc(50% - ( ( 0% ) * 0.5 ) );\" data-animationType=\"fadeInRight\" data-animationDuration=\"1.5\" data-animationOffset=\"top-into-view\"><div class=\"fusion-column-wrapper fusion-column-has-shadow fusion-flex-column-wrapper-legacy fusion-empty-column-bg-image fusion-column-has-bg-image\" data-bg-url=\"https:\/\/www.orcom-ca.com.cn\/wp-content\/uploads\/2021\/11\/carriere-orcom-us-1.jpg\"><img decoding=\"async\" class=\"fusion-empty-dims-img-placeholder\" alt=\"Carri\u00e8re Orcorm US\" aria-label=\"Carri\u00e8re Orcorm US\" src=\"data:image\/svg+xml,%3Csvg%20xmlns%3D%27http%3A%2F%2Fwww.w3.org%2F2000%2Fsvg%27%20width%3D%271000%27%20height%3D%27667%27%20viewBox%3D%270%200%201000%20667%27%3E%3Crect%20width%3D%271000%27%20height%3D%27667%27%20fill-opacity%3D%220%22%2F%3E%3C%2Fsvg%3E\"><div class=\"fusion-clearfix\"><\/div><\/div><\/div><\/div><\/div><div id=\"chine\" class=\"fusion-container-anchor\"><div class=\"fusion-fullwidth fullwidth-box fusion-builder-row-3 fusion-flex-container has-pattern-background has-mask-background nonhundred-percent-fullwidth non-hundred-percent-height-scrolling\" style=\"--awb-border-radius-top-left:0px;--awb-border-radius-top-right:0px;--awb-border-radius-bottom-right:0px;--awb-border-radius-bottom-left:0px;--awb-margin-bottom:50px;--awb-flex-wrap:wrap;\" ><\/div><\/div><div class=\"fusion-builder-row fusion-row fusion-flex-align-items-flex-start fusion-flex-content-wrap\" style=\"max-width:1216.8px;margin-left: calc(-4% \/ 2 );margin-right: calc(-4% \/ 2 );\"><\/div><div class=\"fusion-layout-column fusion_builder_column fusion-builder-column-5 fusion_builder_column_1_1 1_1 fusion-one-full fusion-column-first fusion-column-last\" style=\"--awb-bg-size:cover;width:100%;\"><div class=\"fusion-column-wrapper fusion-column-has-shadow fusion-flex-column-wrapper-legacy\"><div class=\"fusion-clearfix\"><\/div><\/div><\/div><div class=\"fusion-title title fusion-title-1 sep-underline sep-solid fusion-title-text fusion-title-size-one\"><h1 class=\"fusion-title-heading title-heading-left\" style=\"margin:0;\"><\/p>\n<p style=\"text-align: left;\">Offres d&#8217;emplois ORCOM C&amp;A<\/p>\n<p><\/h1><\/div><div class=\"fusion-builder-row fusion-builder-row-inner fusion-row fusion-flex-align-items-flex-start fusion-flex-content-wrap\" style=\"width:104% !important;max-width:104% !important;margin-left: calc(-4% \/ 2 );margin-right: calc(-4% \/ 2 );\"><\/div><div class=\"fusion-layout-column fusion_builder_column_inner fusion-builder-nested-column-2 fusion_builder_column_inner_1_2 1_2 fusion-one-half fusion-column-first\" style=\"--awb-bg-size:cover;width:48%; margin-right: 4%;\"><div class=\"fusion-column-wrapper fusion-column-has-shadow fusion-flex-column-wrapper-legacy\"><div class=\"fusion-clearfix\"><\/div><\/div><\/div><div class=\"accordian fusion-accordian\" style=\"--awb-border-size:1px;--awb-icon-size:13px;--awb-content-font-size:16px;--awb-icon-alignment:left;--awb-hover-color:#f9f9f9;--awb-border-color:#cccccc;--awb-background-color:#ffffff;--awb-divider-color:#dbe2ea;--awb-divider-hover-color:#dbe2ea;--awb-icon-color:#ffffff;--awb-title-color:#7da2c5;--awb-content-color:#7f8795;--awb-icon-box-color:#8c95a3;--awb-toggle-hover-accent-color:#f16f2f;--awb-title-font-family:&quot;Montserrat&quot;;--awb-title-font-weight:700;--awb-title-font-style:normal;--awb-title-font-size:16px;--awb-content-font-family:&quot;Montserrat&quot;;--awb-content-font-style:normal;--awb-content-font-weight:300;\"><div class=\"panel-group fusion-toggle-icon-boxed\" id=\"accordion-811-1\"><div class=\"fusion-panel panel-default panel-027f8b43ef21322ba fusion-toggle-no-divider\" style=\"--awb-title-color:#7da2c5;\"><div class=\"panel-heading\"><h4 class=\"panel-title toggle\" id=\"toggle_027f8b43ef21322ba\"><a aria-expanded=\"false\" aria-controls=\"027f8b43ef21322ba\" role=\"button\" data-toggle=\"collapse\" data-parent=\"#accordion-811-1\" data-target=\"#027f8b43ef21322ba\" href=\"#027f8b43ef21322ba\"><span class=\"fusion-toggle-icon-wrapper\" aria-hidden=\"true\"><i class=\"fa-fusion-box active-icon awb-icon-minus\" aria-hidden=\"true\"><\/i><i class=\"fa-fusion-box inactive-icon awb-icon-plus\" aria-hidden=\"true\"><\/i><\/span><span class=\"fusion-toggle-heading\">CPA<\/span><\/a><\/h4><\/div><div id=\"027f8b43ef21322ba\" class=\"panel-collapse collapse \" aria-labelledby=\"toggle_027f8b43ef21322ba\"><div class=\"panel-body toggle-content fusion-clearfix\"><\/p>\n<p>Provide a range of accounting, tax, financial internal controls review and due diligence consulting services across a wide range of industries to foreign multinational corporations in China<\/p>\n<h2>Key Accountabilities\/Responsibilities<\/h2>\n<ul>\n<li>Responsible for the internal review\/verification of assigned clients accounting, tax and administrative compliance on a monthly\/bi-monthly\/quarterly basis and preparation of client report detailing results of review,<\/li>\n<li>Co-ordination and development of financial internal audits for clients across a wide variety of industries,<\/li>\n<li>Responsibility for conducting Due Diligence activities for clients on target companies<\/li>\n<li>Provision of accounting and tax consulting advice to clients covering Chinese GAAP &amp; IFRS.<\/li>\n<li>Tax research and writing of memorandum and newsletter<\/li>\n<li>Supervision and coaching of junior colleagues<\/li>\n<li>Build &amp; maintain strong relationships with peers &amp; clients<\/li>\n<li>Seek out opportunities for continuous improvement &amp; growth of our Firm\u2019s business<\/li>\n<li>Promote Firm\u2019s vision and values.<\/li>\n<\/ul>\n<h2>Skills &amp; Experience<\/h2>\n<ul>\n<li>Minimum of 3\/5 years experience in Statutory Audit, Internal Audit and Due Diligence Reporting as well as tax and accounting consultancy. (Big4 experience shall be highly preferred).<\/li>\n<li>Ability to lead teams (including the ability to coach, mentor and develop staff)<\/li>\n<li>Familiar with the P.R.C and local tax system, and communicating with Tax and other government authorities<\/li>\n<li>Good working knowledge of PRC accounting rules and other regulations<\/li>\n<li>Project management experience<\/li>\n<\/ul>\n<h2>Personal Attributes:<\/h2>\n<ul>\n<li>Good communication and influencing skills (with clients, peers etc),<\/li>\n<li>Flexibility and collaborative when asked to do something out-of-the-box.<\/li>\n<li>Organized and resourceful, with good problem solving skills,<\/li>\n<li>Capacity to deal with ambiguity, approachable, commercial, proactive, and practical<\/li>\n<li>A team player with the ability to act independently and operate in a multi-cultural environment<\/li>\n<\/ul>\n<h2>Education<\/h2>\n<ul>\n<li>Bachelor and above Degree in Finance\/Accounting or similar major<\/li>\n<li>Primary grade Accounting Certificate is a must<\/li>\n<li>Intermediate \u00a0grade Accounting Certificate is preferred<\/li>\n<li>CPA\/ACCA qualification is required<\/li>\n<\/ul>\n<p>Please send your application letter with CV to HR Manager Elline Chen<\/p>\n<p><a href=\"mailto:elline.chen@orcom-ca.com.cn\">elline.chen@orcom-ca.com.cn<\/a><\/p>\n<p><\/div><\/div><\/div><\/div><\/div><div class=\"accordian fusion-accordian\" style=\"--awb-border-size:1px;--awb-icon-size:13px;--awb-content-font-size:16px;--awb-icon-alignment:left;--awb-hover-color:#f9f9f9;--awb-border-color:#cccccc;--awb-background-color:#ffffff;--awb-divider-color:#dbe2ea;--awb-divider-hover-color:#dbe2ea;--awb-icon-color:#ffffff;--awb-title-color:#7da2c5;--awb-content-color:#7f8795;--awb-icon-box-color:#8c95a3;--awb-toggle-hover-accent-color:#f16f2f;--awb-title-font-family:&quot;Montserrat&quot;;--awb-title-font-weight:700;--awb-title-font-style:normal;--awb-title-font-size:16px;--awb-content-font-family:&quot;Montserrat&quot;;--awb-content-font-style:normal;--awb-content-font-weight:300;\"><div class=\"panel-group fusion-toggle-icon-boxed\" id=\"accordion-811-2\"><div class=\"fusion-panel panel-default panel-488e375a40acaaf47 fusion-toggle-no-divider\" style=\"--awb-title-color:#7da2c5;\"><div class=\"panel-heading\"><h4 class=\"panel-title toggle\" id=\"toggle_488e375a40acaaf47\"><a aria-expanded=\"false\" aria-controls=\"488e375a40acaaf47\" role=\"button\" data-toggle=\"collapse\" data-parent=\"#accordion-811-2\" data-target=\"#488e375a40acaaf47\" href=\"#488e375a40acaaf47\"><span class=\"fusion-toggle-icon-wrapper\" aria-hidden=\"true\"><i class=\"fa-fusion-box active-icon awb-icon-minus\" aria-hidden=\"true\"><\/i><i class=\"fa-fusion-box inactive-icon awb-icon-plus\" aria-hidden=\"true\"><\/i><\/span><span class=\"fusion-toggle-heading\">Accountant \u4f1a\u8ba1<\/span><\/a><\/h4><\/div><div id=\"488e375a40acaaf47\" class=\"panel-collapse collapse \" aria-labelledby=\"toggle_488e375a40acaaf47\"><div class=\"panel-body toggle-content fusion-clearfix\"><\/p>\n<h2>Key Responsibilities<\/h2>\n<p>1. Validate purchase order\/T&amp;E and monitor golden tax system in order to ensure they are in compliance local accounting policy;<br \/>\n\u51c6\u786e\u9a8c\u8bc1\u91c7\u8d2d\u8ba2\u5355\uff0c\u5e76\u7ba1\u7406\u7a0e\u52a1\u7cfb\u7edf\uff0c\u4ee5\u786e\u4fdd\u7b26\u5408\u5f53\u5730\u7a0e\u52a1\u8d22\u52a1\u653f\u7b56\uff1b<br \/>\n2.\u00a0Maintain full set of general ledger, prepare periodic statutory accounts, maintain daily accounting\/treasury\/tax functions on behalf of the clients;<\/p>\n<p>\u7ba1\u7406\u5168\u5957\u603b\u5206\u7c7b\u8d26\u7c3f\uff0c\u4ee3\u8868\u5ba2\u6237\u7ef4\u62a4\u65e5\u5e38\u4f1a\u8ba1\/\u8d22\u52a1\/\u7a0e\u52a1\u7b49\u5de5\u4f5c\uff1b<br \/>\n3.\u00a0Conduct compliance reporting package and tax filing for WFOE in accordance with PRC GAAP and Tax Regulation;<\/p>\n<p>\u6839\u636e\u4e2d\u56fd\u516c\u8ba4\u4f1a\u8ba1\u51c6\u5219\u548c\u7a0e\u52a1\u6cd5\u89c4\u5bf9\u5916\u5546\u6295\u8d44\u4f01\u4e1a\u8fdb\u884c\u5408\u89c4\u7533\u62a5\u548c\u62a5\u7a0e;<br \/>\n4.\u00a0Drive good working relationship with client and provide active response to client\u2019s requirements;<\/p>\n<p>\u4e0e\u5ba2\u6237\u5efa\u7acb\u826f\u597d\u7684\u5de5\u4f5c\u5173\u7cfb\uff0c\u79ef\u6781\u54cd\u5e94\u5ba2\u6237\u7684\u9700\u6c42;<br \/>\n5.\u00a0Assist to implement and optimize the working procedures to fulfill the daily operating requirements;<\/p>\n<p>\u534f\u52a9\u5b9e\u65bd\u548c\u4f18\u5316\u5de5\u4f5c\u6d41\u7a0b\uff0c\u4ee5\u6ee1\u8db3\u65e5\u5e38\u64cd\u4f5c\u8981\u6c42\uff1b<br \/>\n6.\u00a0Other ad-hoc issues in relation to the assignment by line manager<br \/>\n\u5b8c\u6210\u90e8\u95e8\u7ecf\u7406\u5b89\u6392\u7684\u5176\u4ed6\u76f8\u5173\u5de5\u4f5c<\/p>\n<h2><\/h2>\n<h2>Key Requirements:<\/h2>\n<p>1. College in Finance or Accounting major, above 2-3 years of accounting experience in WFOE or international accounting firm\uff1b<\/p>\n<p>\u91d1\u878d\u6216\u4f1a\u8ba1\u4e13\u4e1a\uff0c2-3\u5e74\u5916\u4f01\u8d22\u52a1\u6216\u5916\u8d44\u4f1a\u8ba1\u5e08\u4e8b\u52a1\u6240\u76f8\u5173\u5de5\u4f5c\u7ecf\u9a8c\uff1b<\/p>\n<p>2. Proficiency in accounting software. (U8 and Kingdee, megi is a plus)<\/p>\n<p>\u7cbe\u901a\u8d22\u52a1\u8f6f\u4ef6\uff08\u5982\u91d1\u8776\uff0cU8\u7b49\uff0c\u7f8e\u7eaa\u8d22\u52a1\u7cfb\u7edf\u662f\u52a0\u5206\u9879\u3002\uff09\uff1b<\/p>\n<p>3. Good knowledge in PRC GAAP, Tax Regulation, Bank Treasury; Basic<\/p>\n<p>knowledge relating to payments is a plus<\/p>\n<p>\u719f\u6089\u4e2d\u56fd\u4f1a\u8ba1\u51c6\u5219\uff0c\u7a0e\u52a1\u6cd5\u89c4\uff0c\u94f6\u884c\u8d22\u52a1\u548c\u56fd\u9645\u8d22\u52a1\u4f1a\u8ba1\u51c6\u5219;<\/p>\n<p>4. Proficiency in computer applications (e.g. Microsoft Office)<\/p>\n<p>\u719f\u6089office\u529e\u516c\u8f6f\u4ef6<br \/>\n5. Independent, well-organized, self-motivation and self-discipline<\/p>\n<p>\u80fd\u72ec\u7acb\u5de5\u4f5c\uff0c\u6709\u6761\u7406\u6027\uff0c\u6709\u4e3b\u52a8\u6027\uff0c\u81ea\u5f8b\uff1b<br \/>\n6. A diligent and honest team player with positive communication skills<\/p>\n<p>\u5584\u4e8e\u4e0e\u56e2\u961f\u8fdb\u884c\u6c9f\u901a<br \/>\n7. Able to work under pressure and tight schedule<\/p>\n<p>\u5177\u6709\u4e00\u5b9a\u6297\u538b\u6027<br \/>\n8. Good spoken and written in English<\/p>\n<p>\u82f1\u8bed\u542c\u8bf4\u8bfb\u5199\u6d41\u5229<\/p>\n<p><strong>To apply please send your CV and cover letter to <span lang=\"EN-US\" xml:lang=\"EN-US\"><a href=\"mailto:elline.chen@orcom-ca.com.cn\">elline.chen@orcom-ca.com.cn<\/a><\/span><\/strong><\/p>\n<p><\/div><\/div><\/div><\/div><\/div><div class=\"accordian fusion-accordian\" style=\"--awb-border-size:1px;--awb-icon-size:13px;--awb-content-font-size:16px;--awb-icon-alignment:left;--awb-hover-color:#f9f9f9;--awb-border-color:#cccccc;--awb-background-color:#ffffff;--awb-divider-color:#dbe2ea;--awb-divider-hover-color:#dbe2ea;--awb-icon-color:#ffffff;--awb-title-color:#7da2c5;--awb-content-color:#7f8795;--awb-icon-box-color:#8c95a3;--awb-toggle-hover-accent-color:#f16f2f;--awb-title-font-family:&quot;Montserrat&quot;;--awb-title-font-weight:700;--awb-title-font-style:normal;--awb-title-font-size:16px;--awb-content-font-family:&quot;Montserrat&quot;;--awb-content-font-style:normal;--awb-content-font-weight:300;\"><div class=\"panel-group fusion-toggle-icon-boxed\" id=\"accordion-811-3\"><\/div><\/div><div class=\"fusion-panel panel-default panel-175220af24d20c95d fusion-toggle-no-divider\" style=\"--awb-title-color:#7da2c5;\"><div class=\"panel-heading\"><h4 class=\"panel-title toggle\" id=\"toggle_175220af24d20c95d\"><a aria-expanded=\"false\" aria-controls=\"175220af24d20c95d\" role=\"button\" data-toggle=\"collapse\" data-parent=\"#accordion-811-4\" data-target=\"#175220af24d20c95d\" href=\"#175220af24d20c95d\"><span class=\"fusion-toggle-icon-wrapper\" aria-hidden=\"true\"><i class=\"fa-fusion-box active-icon awb-icon-minus\" aria-hidden=\"true\"><\/i><i class=\"fa-fusion-box inactive-icon awb-icon-plus\" aria-hidden=\"true\"><\/i><\/span><span class=\"fusion-toggle-heading\">French speaking intern <\/span><\/a><\/h4><\/div><div id=\"175220af24d20c95d\" class=\"panel-collapse collapse \" aria-labelledby=\"toggle_175220af24d20c95d\"><div class=\"panel-body toggle-content fusion-clearfix\"><\/div><\/div><\/div><\/p>\n<h2><strong>Duties<\/strong><\/h2>\n<p>Assist the Accounting department in internal management functions, including but not limited to:<\/p>\n<ul>\n<li>Admin Work<\/li>\n<li>Contact with French Clients<\/li>\n<\/ul>\n<p>BD; assistance in coordinating with French Clients;<\/p>\n<div><\/div>\n<h2><strong>Requirements<\/strong><\/h2>\n<div>\n<ul>\n<li>A French speaking candidate is required.<\/li>\n<li>Bachelor degree or above.<\/li>\n<li>Having knowledge of China<\/li>\n<li>Excellent command of written and oral English and capability to use English as working language.<\/li>\n<li>Read, written Chinese is required<\/li>\n<li>Accounting background is required.<\/li>\n<\/ul>\n<p>Good communication skills, committed to achieving goals, team cooperation ability and initiative to work, problem-solving attitude.<\/p>\n<h2><\/h2>\n<h2><strong>Company Information\u00a0<\/strong><\/h2>\n<\/div>\n<div>\n<p>ORCOM C&amp;A is a group headquartered in Shanghai, with 5 offices located in Beijing, Guangzhou, Hong Kong and London. We provide accounting, tax and business advisory services for corporations and individuals in the People\u2019s Republic of China (PRC) and in the Special Administrative Region of Hong Kong.<\/p>\n<p>Established in China since 2005, with over 80 professionals, ORCOM C&amp;A is structured and focused to provide tailored services to our clients, with particular emphasis on professionalism<\/p>\n","protected":false},"excerpt":{"rendered":"<p>Duties Assist the Accounting department in internal management functions, including but not limited to: Admin Work Contact with French Clients BD; assistance in coordinating with French Clients; Requirements A French speaking candidate is required. Bachelor degree or above. Having knowledge of China Excellent command of written and oral English and capability to use English as  (&#8230;)<\/p>\n","protected":false},"author":34,"featured_media":5836,"parent":0,"menu_order":0,"comment_status":"closed","ping_status":"closed","template":"100-width.php","meta":{"_seopress_robots_primary_cat":"","_seopress_titles_title":"ORCOM vous ouvre des territoires d\u2019opportunit\u00e9s","_seopress_titles_desc":"ORCOM recrute ! Votre futur job, vous le r\u00eavez comment ? \u00c9volution, mobilit\u00e9, formation, innovation\u2026 Vous avez des attentes fortes et nous avons les arguments pour vous convaincre. \r\n","_seopress_robots_index":"","footnotes":""},"class_list":["post-811","page","type-page","status-publish","has-post-thumbnail"],"_links":{"self":[{"href":"https:\/\/www.orcom-ca.com.cn\/fr\/wp-json\/wp\/v2\/pages\/811","targetHints":{"allow":["GET"]}}],"collection":[{"href":"https:\/\/www.orcom-ca.com.cn\/fr\/wp-json\/wp\/v2\/pages"}],"about":[{"href":"https:\/\/www.orcom-ca.com.cn\/fr\/wp-json\/wp\/v2\/types\/page"}],"author":[{"embeddable":true,"href":"https:\/\/www.orcom-ca.com.cn\/fr\/wp-json\/wp\/v2\/users\/34"}],"replies":[{"embeddable":true,"href":"https:\/\/www.orcom-ca.com.cn\/fr\/wp-json\/wp\/v2\/comments?post=811"}],"version-history":[{"count":62,"href":"https:\/\/www.orcom-ca.com.cn\/fr\/wp-json\/wp\/v2\/pages\/811\/revisions"}],"predecessor-version":[{"id":25994,"href":"https:\/\/www.orcom-ca.com.cn\/fr\/wp-json\/wp\/v2\/pages\/811\/revisions\/25994"}],"wp:featuredmedia":[{"embeddable":true,"href":"https:\/\/www.orcom-ca.com.cn\/fr\/wp-json\/wp\/v2\/media\/5836"}],"wp:attachment":[{"href":"https:\/\/www.orcom-ca.com.cn\/fr\/wp-json\/wp\/v2\/media?parent=811"}],"curies":[{"name":"wp","href":"https:\/\/api.w.org\/{rel}","templated":true}]}}