{"id":16203,"date":"2023-04-18T09:48:16","date_gmt":"2023-04-18T13:48:16","guid":{"rendered":"https:\/\/www.orcom-ca.com.cn\/?page_id=16203"},"modified":"2023-04-18T09:49:50","modified_gmt":"2023-04-18T13:49:50","slug":"mentions-legales","status":"publish","type":"page","link":"https:\/\/www.orcom-ca.com.cn\/fr\/mentions-legales\/","title":{"rendered":"Mentions legales"},"content":{"rendered":"<div class=\"fusion-fullwidth fullwidth-box fusion-builder-row-1 fusion-flex-container has-pattern-background has-mask-background nonhundred-percent-fullwidth non-hundred-percent-height-scrolling\" style=\"--awb-border-radius-top-left:0px;--awb-border-radius-top-right:0px;--awb-border-radius-bottom-right:0px;--awb-border-radius-bottom-left:0px;--awb-flex-wrap:wrap;\" ><div class=\"fusion-builder-row fusion-row fusion-flex-align-items-flex-start fusion-flex-content-wrap\" style=\"max-width:1216.8px;margin-left: calc(-4% \/ 2 );margin-right: calc(-4% \/ 2 );\"><div class=\"fusion-layout-column fusion_builder_column fusion-builder-column-0 fusion_builder_column_1_1 1_1 fusion-flex-column\" style=\"--awb-bg-size:cover;--awb-width-large:100%;--awb-margin-top-large:15px;--awb-spacing-right-large:1.92%;--awb-margin-bottom-large:0px;--awb-spacing-left-large:1.92%;--awb-width-medium:100%;--awb-order-medium:0;--awb-spacing-right-medium:1.92%;--awb-spacing-left-medium:1.92%;--awb-width-small:100%;--awb-order-small:0;--awb-spacing-right-small:1.92%;--awb-spacing-left-small:1.92%;\"><div class=\"fusion-column-wrapper fusion-column-has-shadow fusion-flex-justify-content-flex-start fusion-content-layout-column\"><div class=\"fusion-text fusion-text-1\"><h1 id=\"page-title\">Mentions l\u00e9gales<\/h1>\n<article id=\"post-1155\">\n<div class=\"entry-content\">\n<p>Le pr\u00e9sent site est \u00e9dit\u00e9 par ORCOM C&amp;A, dont le si\u00e8ge social est situ\u00e9 CENTRO Building, Suites 2002 \u2013 2003, 568 Hengfeng Road, Zhabei District 200070, Shanghai (Chine)<\/p>\n<p>Ce site Internet est \u00e9dit\u00e9 par\u00a0<strong>ORCOM C&amp;A<\/strong><br \/>\nDirecteurs de la publication :\u00a0<strong>Marco D\u2019Amore<\/strong><\/p>\n<p>H\u00e9bergement : <a href=\"mailto:jf.ragot@trixasia.com\">trixasia.com<\/a><\/p>\n<p>Cr\u00e9dit photos:\u00a0<strong>FreePix<\/strong><\/p>\n<p>Cr\u00e9ation graphique, d\u00e9veloppement, r\u00e9alisation du site : Aur\u00e9lie Thetiot \u2013 Espagne \u2013\u00a0<strong><a href=\"https:\/\/at-graphik.com\/\" target=\"_blank\" rel=\"noopener\">www.at-graphik.com<\/a><\/strong><\/p>\n<p>Contacts : Pour toutes demandes d\u2019informations concernant ce site , utiliser le formulaire pr\u00e9sent sur\u00a0<strong><a href=\"https:\/\/orcomus.com\/contactez-nous\/\">cette page<\/a><\/strong><br \/>\nL\u2019utilisateur du site web reconna\u00eet disposer de la comp\u00e9tence et des moyens n\u00e9cessaires pour acc\u00e9der et utiliser ce site.<br \/>\nL\u2019utilisateur du site web \u00ab\u00a0<strong><a href=\"http:\/\/www.orcom-ca.com.cn\/\" target=\"_blank\" rel=\"noopener\">www.orcom-ca.com.cn<\/a><\/strong>\u00a0\u00bb reconna\u00eet avoir v\u00e9rifi\u00e9 que la configuration informatique utilis\u00e9e ne contient aucun virus et qu\u2019elle est en parfait \u00e9tat de fonctionnement.<\/p>\n<\/div>\n<\/article>\n<\/div><\/div><\/div><\/div><\/div>\n","protected":false},"excerpt":{"rendered":"","protected":false},"author":34,"featured_media":0,"parent":0,"menu_order":0,"comment_status":"closed","ping_status":"closed","template":"","meta":{"_seopress_robots_primary_cat":"","_seopress_titles_title":"","_seopress_titles_desc":"","_seopress_robots_index":"","footnotes":""},"class_list":["post-16203","page","type-page","status-publish"],"_links":{"self":[{"href":"https:\/\/www.orcom-ca.com.cn\/fr\/wp-json\/wp\/v2\/pages\/16203","targetHints":{"allow":["GET"]}}],"collection":[{"href":"https:\/\/www.orcom-ca.com.cn\/fr\/wp-json\/wp\/v2\/pages"}],"about":[{"href":"https:\/\/www.orcom-ca.com.cn\/fr\/wp-json\/wp\/v2\/types\/page"}],"author":[{"embeddable":true,"href":"https:\/\/www.orcom-ca.com.cn\/fr\/wp-json\/wp\/v2\/users\/34"}],"replies":[{"embeddable":true,"href":"https:\/\/www.orcom-ca.com.cn\/fr\/wp-json\/wp\/v2\/comments?post=16203"}],"version-history":[{"count":2,"href":"https:\/\/www.orcom-ca.com.cn\/fr\/wp-json\/wp\/v2\/pages\/16203\/revisions"}],"predecessor-version":[{"id":16207,"href":"https:\/\/www.orcom-ca.com.cn\/fr\/wp-json\/wp\/v2\/pages\/16203\/revisions\/16207"}],"wp:attachment":[{"href":"https:\/\/www.orcom-ca.com.cn\/fr\/wp-json\/wp\/v2\/media?parent=16203"}],"curies":[{"name":"wp","href":"https:\/\/api.w.org\/{rel}","templated":true}]}}